{"id":968,"date":"2025-04-22T08:00:01","date_gmt":"2025-04-22T06:00:01","guid":{"rendered":"https:\/\/canoff.de\/?page_id=968"},"modified":"2026-01-20T13:42:31","modified_gmt":"2026-01-20T12:42:31","slug":"performativite-et-medialite","status":"publish","type":"page","link":"https:\/\/canoff.de\/?page_id=968","title":{"rendered":"Performanz und Medialit\u00e4t"},"content":{"rendered":"\n<p><strong><em>Performanz<\/em>&nbsp;<\/strong>ist in den Gegenwartskulturen zu einem Paradigma avanciert, das zugleich Leistung und au\u00dfenwirksame Inszenierung, Anspruch und Praxis meint.&nbsp;<em>Kultur als Inszenierung<\/em>&nbsp;und&nbsp;<em>des Inszenierens<\/em>&nbsp;und damit die Erzeugung von Sinn und Bedeutung \u00fcber performative Praktiken hat es zwar zu allen Zeiten gegeben. Die \u00f6konomisch und digital globalisierte Gegenwart scheint jedoch ganz besonders von Ph\u00e4nomenen der&nbsp;<em>performance<\/em>&nbsp;gepr\u00e4gt zu sein, wird ihr Ge- oder Misslingen h\u00e4ufig sogar zum begrifflichen Ma\u00dfstab von \u00f6konomischem oder gesellschaftlichem Erfolg.&nbsp;Und so ist es auch nicht verwunderlich, dass&nbsp;&nbsp;das&nbsp;Konzept der&nbsp;Performanz seine Urspr\u00fcnge zwar in der linguistischen Theorie der Sprechakte hat, aber in zahlreichen Disziplinen aufgegriffen und weiterentwickelt wurde.<\/p>\n\n\n\n<p>In dieser Forschungsachse sollen die Praktiken der&nbsp;<em>Performance&nbsp;<\/em>mit den vielschichtigen Ph\u00e4nomenen der&nbsp;<strong>Medialit\u00e4t&nbsp;<\/strong>in diachroner und synchroner Perspektive&nbsp;im Kontext ihrer&nbsp;gesellschaftlichen und diskursiven Bedingungen zusammen gedacht werden.&nbsp;Denn:&nbsp;Mediale und modale Transgressionen bestimmen&nbsp;seit jeher zahlreiche literarische und kulturelle Texte&nbsp;und kommen noch potenzierter im Zeitalter von audiovisuellen Medien und Digitalisierung (bis hin zur K\u00fcnstlichen Intelligenz) zum Tragen. Diese Inter- und&nbsp;Transmedialit\u00e4ten&nbsp;bringen einerseits ein reiches Forschungsfeld an franz\u00f6sischsprachigen Untersuchungstexten vom 16.-21. Jahrhundert hervor, das gleicherma\u00dfen die lokalen Spezifika in den Blick nimmt wie die globalen Verweisstrukturen herausarbeiten kann.&nbsp;Andererseits reflektieren sie kritisch literaturtheoretische Konzepte insbes. franz\u00f6sischer und frankophoner Provenienz wie Text, Literatur oder Werk,&nbsp;<em>\u00e9criture<\/em>,&nbsp;<em>cr<\/em><em>\u00e9olisation&nbsp;<\/em>oder&nbsp;<em>litt<\/em><em>\u00e9rature-monde<\/em>.&nbsp;<\/p>\n\n\n\n<p>Mit der Fokussierung der Performativit\u00e4t und Medialit\u00e4t von Erinnerungskulturen&nbsp;leistet&nbsp;CaNoFF&nbsp;einen&nbsp;Beitrag&nbsp;zur Erforschung individueller und kollektiver&nbsp;Inbezugsetzungen&nbsp;zur Vergangenheit, die die Selbst- und Fremdbilder Frankreichs und der Frankophonie bis heute pr\u00e4gen.&nbsp;Dabei ist Erkenntnisinteresse insbesondere auf die mediale Ereignishaftigkeit, auf kulturelle Praktiken und Szenographien&nbsp;gerichtet, die zwischen Vergangenheit und Gegenwart vermitteln und diese in ein dynamisches Verh\u00e4ltnis setzen.<\/p>\n\n\n\n<p>#digitale Performativit\u00e4t #k\u00fcnstliche Intelligenz #performative Literaturvermittlung #Festivalforschung #Lesungen und Literatur im \u00f6ffentlichen Raum #Autorschaftskonzepte #Neue Rezeptionstheorien #Comicforschung #Film- und Serienforschung #Kulturen der Angst&nbsp;#Imaginaires du futur&nbsp;#Literatur und kulturelle Praxis #Literatur und die K\u00fcnste#Literatur und Museum # Theater und Kulturen der Performanz<\/p>\n","protected":false},"excerpt":{"rendered":"<p>Performanz&nbsp;ist in den Gegenwartskulturen zu einem Paradigma avanciert, das zugleich Leistung und au\u00dfenwirksame Inszenierung, Anspruch und Praxis meint.&nbsp;Kultur als Inszenierung&nbsp;und&nbsp;des Inszenierens&nbsp;und damit die Erzeugung von Sinn und Bedeutung \u00fcber performative Praktiken hat es zwar zu allen Zeiten gegeben. Die \u00f6konomisch und digital globalisierte Gegenwart scheint jedoch ganz besonders von Ph\u00e4nomenen &hellip;<\/p>\n","protected":false},"author":1,"featured_media":0,"parent":0,"menu_order":0,"comment_status":"closed","ping_status":"closed","template":"","meta":{"footnotes":""},"class_list":["post-968","page","type-page","status-publish","hentry"],"_links":{"self":[{"href":"https:\/\/canoff.de\/index.php?rest_route=\/wp\/v2\/pages\/968","targetHints":{"allow":["GET"]}}],"collection":[{"href":"https:\/\/canoff.de\/index.php?rest_route=\/wp\/v2\/pages"}],"about":[{"href":"https:\/\/canoff.de\/index.php?rest_route=\/wp\/v2\/types\/page"}],"author":[{"embeddable":true,"href":"https:\/\/canoff.de\/index.php?rest_route=\/wp\/v2\/users\/1"}],"replies":[{"embeddable":true,"href":"https:\/\/canoff.de\/index.php?rest_route=%2Fwp%2Fv2%2Fcomments&post=968"}],"version-history":[{"count":8,"href":"https:\/\/canoff.de\/index.php?rest_route=\/wp\/v2\/pages\/968\/revisions"}],"predecessor-version":[{"id":1438,"href":"https:\/\/canoff.de\/index.php?rest_route=\/wp\/v2\/pages\/968\/revisions\/1438"}],"wp:attachment":[{"href":"https:\/\/canoff.de\/index.php?rest_route=%2Fwp%2Fv2%2Fmedia&parent=968"}],"curies":[{"name":"wp","href":"https:\/\/api.w.org\/{rel}","templated":true}]}}