{"id":734,"date":"2024-05-22T15:18:24","date_gmt":"2024-05-22T13:18:24","guid":{"rendered":"https:\/\/canoff.de\/?page_id=734"},"modified":"2026-01-20T13:33:19","modified_gmt":"2026-01-20T12:33:19","slug":"forschung","status":"publish","type":"page","link":"https:\/\/canoff.de\/?page_id=734","title":{"rendered":"Unsere Forschungsfelder"},"content":{"rendered":"\n<p>Die Seiten der zentralen Forschungsachsen des CaNoFF k\u00f6nnen Sie oben im Reiter sowie auf dieser Seite unten \u00fcber die Schaltfl\u00e4chen erreichen. Wir m\u00f6chten Sie einladen, die genaueren Beschreibungen der Forschungsachsen zu lesen!<\/p>\n\n\n\n<div style=\"height:70px\" aria-hidden=\"true\" class=\"wp-block-spacer\"><\/div>\n\n\n\n<div class=\"wp-block-buttons is-content-justification-center is-layout-flex wp-container-core-buttons-is-layout-16018d1d wp-block-buttons-is-layout-flex\">\n<div class=\"wp-block-button has-custom-width wp-block-button__width-50 is-style-fill\"><a class=\"wp-block-button__link has-accent-1-background-color has-background has-large-font-size has-custom-font-size wp-element-button\" href=\"https:\/\/canoff.de\/?page_id=968\">Performanz und Medialit\u00e4t<\/a><\/div>\n<\/div>\n\n\n\n<div style=\"height:70px\" aria-hidden=\"true\" class=\"wp-block-spacer\"><\/div>\n\n\n\n<div class=\"wp-block-buttons is-content-justification-center is-layout-flex wp-container-core-buttons-is-layout-16018d1d wp-block-buttons-is-layout-flex\">\n<div class=\"wp-block-button has-custom-width wp-block-button__width-50\"><a class=\"wp-block-button__link has-accent-1-background-color has-background has-large-font-size has-custom-font-size wp-element-button\" href=\"https:\/\/canoff.de\/?page_id=969\">Politiken, Ethiken und \u00c4sthetiken in frankophonen R\u00e4umen<\/a><\/div>\n<\/div>\n\n\n\n<div style=\"height:70px\" aria-hidden=\"true\" class=\"wp-block-spacer\"><\/div>\n\n\n\n<div class=\"wp-block-buttons is-content-justification-center is-layout-flex wp-container-core-buttons-is-layout-16018d1d wp-block-buttons-is-layout-flex\">\n<div class=\"wp-block-button has-custom-width wp-block-button__width-50\"><a class=\"wp-block-button__link has-accent-1-background-color has-background has-large-font-size has-custom-font-size wp-element-button\" href=\"https:\/\/canoff.de\/?page_id=970\">Trans-Sph\u00e4ren des Anthropoz\u00e4ns<\/a><\/div>\n<\/div>\n","protected":false},"excerpt":{"rendered":"<p>Die Seiten der zentralen Forschungsachsen des CaNoFF k\u00f6nnen Sie oben im Reiter sowie auf dieser Seite unten \u00fcber die Schaltfl\u00e4chen erreichen. Wir m\u00f6chten Sie einladen, die genaueren Beschreibungen der Forschungsachsen zu lesen!<\/p>\n","protected":false},"author":1,"featured_media":0,"parent":0,"menu_order":0,"comment_status":"closed","ping_status":"closed","template":"","meta":{"footnotes":""},"class_list":["post-734","page","type-page","status-publish","hentry"],"_links":{"self":[{"href":"https:\/\/canoff.de\/index.php?rest_route=\/wp\/v2\/pages\/734","targetHints":{"allow":["GET"]}}],"collection":[{"href":"https:\/\/canoff.de\/index.php?rest_route=\/wp\/v2\/pages"}],"about":[{"href":"https:\/\/canoff.de\/index.php?rest_route=\/wp\/v2\/types\/page"}],"author":[{"embeddable":true,"href":"https:\/\/canoff.de\/index.php?rest_route=\/wp\/v2\/users\/1"}],"replies":[{"embeddable":true,"href":"https:\/\/canoff.de\/index.php?rest_route=%2Fwp%2Fv2%2Fcomments&post=734"}],"version-history":[{"count":20,"href":"https:\/\/canoff.de\/index.php?rest_route=\/wp\/v2\/pages\/734\/revisions"}],"predecessor-version":[{"id":1427,"href":"https:\/\/canoff.de\/index.php?rest_route=\/wp\/v2\/pages\/734\/revisions\/1427"}],"wp:attachment":[{"href":"https:\/\/canoff.de\/index.php?rest_route=%2Fwp%2Fv2%2Fmedia&parent=734"}],"curies":[{"name":"wp","href":"https:\/\/api.w.org\/{rel}","templated":true}]}}