{"id":574,"date":"2024-04-15T12:21:07","date_gmt":"2024-04-15T10:21:07","guid":{"rendered":"https:\/\/canoff.de\/?page_id=574"},"modified":"2026-01-26T11:26:09","modified_gmt":"2026-01-26T10:26:09","slug":"adhesion","status":"publish","type":"page","link":"https:\/\/canoff.de\/?page_id=574&lang=fr","title":{"rendered":"Adh\u00e9sion"},"content":{"rendered":"\n<p>Vous vous int\u00e9ressez au CaNoFF, vous souhaitez soutenir notre travail ou vous engager ?<\/p>\n\n\n\n<p><strong>Alors devenez membre du CaNoFF :<\/strong><\/p>\n\n\n\n<p>Vous pouvez soutenir le CaNoFF par le biais d&#8217;une adh\u00e9sion (gratuite). Vous recevrez notre newsletter deux fois par an, vous aurez un acc\u00e8s privil\u00e9gi\u00e9 \u00e0 nos manifestations et vous pourrez participer \u00e0 l&#8217;orientation du CaNoFF en prenant part \u00e0 l&#8217;assembl\u00e9e g\u00e9n\u00e9rale annuelle.<\/p>\n\n\n\n<h2 class=\"wp-block-heading\"><strong>Formes d&#8217;adh\u00e9sion :<\/strong><\/h2>\n\n\n\n<p>Il existe deux types d&#8217;adh\u00e9sion, selon que vous travaillez dans l&#8217;enseignement sup\u00e9rieur ou que vous \u00eates en contact avec la francophonie d&#8217;une autre mani\u00e8re.<\/p>\n\n\n\n<p><strong>Pour membres de l&#8217;universit\u00e9\u00a0:<\/strong><br>Peuvent devenir membres les membres de l&#8217;enseignement sup\u00e9rieur qui sont actifs dans le domaine de la France et de la francophonie dans les universit\u00e9s ou les \u00e9coles sup\u00e9rieures allemandes ou les unit\u00e9s structurelles organisationnelles telles que les instituts, les s\u00e9minaires ou les disciplines. Vous trouverez <a href=\"https:\/\/canoff.de\/wp-content\/uploads\/2026\/01\/CaNoFF_Demande-dadhesion-des-membres-de-luniversite.pdf\" data-type=\"attachment\" data-id=\"1495\" target=\"_blank\" rel=\"noreferrer noopener\">ici<\/a> le formulaire d&#8217;adh\u00e9sion.<\/p>\n\n\n\n<p><strong>Pour membres associ\u00e9s\u00a0:<\/strong><br>Peuvent devenir membres associ\u00e9s des personnes priv\u00e9es int\u00e9ress\u00e9es ainsi que des initiatives et des institutions qui sont actives dans le domaine des \u00e9changes franco-allemands\/francophones, de la recherche ou de la promotion dans les soci\u00e9t\u00e9s urbaines respectives. Vous trouverez le formulaire d&#8217;adh\u00e9sion <a href=\"https:\/\/canoff.de\/wp-content\/uploads\/2026\/01\/CaNoFF_Demande-dadhesion-membre-associe.pdf\" data-type=\"attachment\" data-id=\"1494\" target=\"_blank\" rel=\"noreferrer noopener\">ici<\/a>.<\/p>\n\n\n\n<h2 class=\"wp-block-heading\"><strong>Protection des donn\u00e9es :<\/strong><\/h2>\n\n\n\n<p>Vous trouverez <a href=\"https:\/\/canoff.de\/wp-content\/uploads\/2023\/10\/Datenschutzerklaerung.pdf\">ici<\/a> toutes les informations relatives \u00e0 la protection des donn\u00e9es.<\/p>\n","protected":false},"excerpt":{"rendered":"<p>Vous vous int\u00e9ressez au CaNoFF, vous souhaitez soutenir notre travail ou vous engager ? Alors devenez membre du CaNoFF : Vous pouvez soutenir le CaNoFF par le biais d&#8217;une adh\u00e9sion (gratuite). Vous recevrez notre newsletter deux fois par an, vous aurez un acc\u00e8s privil\u00e9gi\u00e9 \u00e0 nos manifestations et vous pourrez &hellip;<\/p>\n","protected":false},"author":1,"featured_media":0,"parent":0,"menu_order":0,"comment_status":"closed","ping_status":"closed","template":"","meta":{"footnotes":""},"class_list":["post-574","page","type-page","status-publish","hentry"],"_links":{"self":[{"href":"https:\/\/canoff.de\/index.php?rest_route=\/wp\/v2\/pages\/574","targetHints":{"allow":["GET"]}}],"collection":[{"href":"https:\/\/canoff.de\/index.php?rest_route=\/wp\/v2\/pages"}],"about":[{"href":"https:\/\/canoff.de\/index.php?rest_route=\/wp\/v2\/types\/page"}],"author":[{"embeddable":true,"href":"https:\/\/canoff.de\/index.php?rest_route=\/wp\/v2\/users\/1"}],"replies":[{"embeddable":true,"href":"https:\/\/canoff.de\/index.php?rest_route=%2Fwp%2Fv2%2Fcomments&post=574"}],"version-history":[{"count":4,"href":"https:\/\/canoff.de\/index.php?rest_route=\/wp\/v2\/pages\/574\/revisions"}],"predecessor-version":[{"id":1498,"href":"https:\/\/canoff.de\/index.php?rest_route=\/wp\/v2\/pages\/574\/revisions\/1498"}],"wp:attachment":[{"href":"https:\/\/canoff.de\/index.php?rest_route=%2Fwp%2Fv2%2Fmedia&parent=574"}],"curies":[{"name":"wp","href":"https:\/\/api.w.org\/{rel}","templated":true}]}}