{"id":1820,"date":"2026-05-12T14:29:01","date_gmt":"2026-05-12T12:29:01","guid":{"rendered":"https:\/\/canoff.de\/?page_id=1820"},"modified":"2026-05-12T14:29:01","modified_gmt":"2026-05-12T12:29:01","slug":"qui-sommes-nous","status":"publish","type":"page","link":"https:\/\/canoff.de\/?page_id=1820&lang=fr","title":{"rendered":"Qui sommes-nous\u00a0?"},"content":{"rendered":"\n<div class=\"wp-block-columns is-layout-flex wp-container-core-columns-is-layout-9d6595d7 wp-block-columns-is-layout-flex\">\n<div class=\"wp-block-column is-layout-flow wp-block-column-is-layout-flow\">\n<p>Le Campus Nord pour la France et la Francophonie (CaNoFF) est un r\u00e9seau interdisciplinaire des universit\u00e9s de Br\u00eame, Flensbourg et Rostock, fond\u00e9 par les romanistes Karen Struve, Margot Brink et Stephanie Wodianka dans les L\u00e4nder du nord de l\u2019Allemagne que sont Br\u00eame, le Schleswig-Holstein et le Mecklembourg-Pom\u00e9ranie-Occidentale. L\u2019objectif est d\u2019initier, de promouvoir et de rendre visible la recherche, l\u2019enseignement et la m\u00e9diation scientifique relatifs \u00e0 la France et \u00e0 la francophonie.<\/p>\n\n\n\n<p>Le r\u00e9seau r\u00e9unit des chercheurs issus de disciplines vari\u00e9es \u2013 allant des \u00e9tudes litt\u00e9raires, politiques, culturelles et des sciences marines \u00e0 la chimie, en passant par les sciences de l\u2019ing\u00e9nieur et les sciences des m\u00e9dias. Parmi les membres figurent \u00e9galement des personnalit\u00e9s du monde politique et de la soci\u00e9t\u00e9 civile ainsi que des institutions partenaires telles que l\u2019Institut fran\u00e7ais et l\u2019Ambassade de France \u00e0 Berlin.<\/p>\n\n\n\n<p>Les trois sites sont coordonn\u00e9s par les d\u00e9partements de fran\u00e7ais respectifs et organisent des colloques scientifiques, des ateliers, des journ\u00e9es d\u2019\u00e9tude ainsi que des manifestations publiques telles que des lectures et des expositions. Gr\u00e2ce \u00e0 la direction commune, la diversit\u00e9 des contacts et des activit\u00e9s de recherche francophones dans l\u2019espace nord-allemand est pour la premi\u00e8re fois rassembl\u00e9e et rendue visible !<\/p>\n<\/div>\n\n\n\n<div class=\"wp-block-column is-layout-flow wp-block-column-is-layout-flow\">\n<figure class=\"wp-block-image size-large is-resized\"><img loading=\"lazy\" decoding=\"async\" width=\"1024\" height=\"683\" src=\"https:\/\/canoff.de\/wp-content\/uploads\/2025\/11\/Fotos-Lehmkuehler-2023-9588-1024x683.jpg\" alt=\"\" class=\"wp-image-1263\" style=\"aspect-ratio:1.4993038946203547;width:574px;height:auto\" srcset=\"https:\/\/canoff.de\/wp-content\/uploads\/2025\/11\/Fotos-Lehmkuehler-2023-9588-1024x683.jpg 1024w, https:\/\/canoff.de\/wp-content\/uploads\/2025\/11\/Fotos-Lehmkuehler-2023-9588-300x200.jpg 300w, https:\/\/canoff.de\/wp-content\/uploads\/2025\/11\/Fotos-Lehmkuehler-2023-9588-768x512.jpg 768w, https:\/\/canoff.de\/wp-content\/uploads\/2025\/11\/Fotos-Lehmkuehler-2023-9588-1536x1024.jpg 1536w, https:\/\/canoff.de\/wp-content\/uploads\/2025\/11\/Fotos-Lehmkuehler-2023-9588-2048x1365.jpg 2048w\" sizes=\"auto, (max-width: 1024px) 100vw, 1024px\" \/><figcaption class=\"wp-element-caption\">\u00a9 Jens Lehmk\u00fchler\/Universit\u00e9 de Br\u00eame<\/figcaption><\/figure>\n<\/div>\n<\/div>\n","protected":false},"excerpt":{"rendered":"<p>Le Campus Nord pour la France et la Francophonie (CaNoFF) est un r\u00e9seau interdisciplinaire des universit\u00e9s de Br\u00eame, Flensbourg et Rostock, fond\u00e9 par les romanistes Karen Struve, Margot Brink et Stephanie Wodianka dans les L\u00e4nder du nord de l\u2019Allemagne que sont Br\u00eame, le Schleswig-Holstein et le Mecklembourg-Pom\u00e9ranie-Occidentale. L\u2019objectif est d\u2019initier, &hellip;<\/p>\n","protected":false},"author":1,"featured_media":0,"parent":0,"menu_order":0,"comment_status":"closed","ping_status":"closed","template":"","meta":{"footnotes":""},"class_list":["post-1820","page","type-page","status-publish","hentry"],"_links":{"self":[{"href":"https:\/\/canoff.de\/index.php?rest_route=\/wp\/v2\/pages\/1820","targetHints":{"allow":["GET"]}}],"collection":[{"href":"https:\/\/canoff.de\/index.php?rest_route=\/wp\/v2\/pages"}],"about":[{"href":"https:\/\/canoff.de\/index.php?rest_route=\/wp\/v2\/types\/page"}],"author":[{"embeddable":true,"href":"https:\/\/canoff.de\/index.php?rest_route=\/wp\/v2\/users\/1"}],"replies":[{"embeddable":true,"href":"https:\/\/canoff.de\/index.php?rest_route=%2Fwp%2Fv2%2Fcomments&post=1820"}],"version-history":[{"count":2,"href":"https:\/\/canoff.de\/index.php?rest_route=\/wp\/v2\/pages\/1820\/revisions"}],"predecessor-version":[{"id":1822,"href":"https:\/\/canoff.de\/index.php?rest_route=\/wp\/v2\/pages\/1820\/revisions\/1822"}],"wp:attachment":[{"href":"https:\/\/canoff.de\/index.php?rest_route=%2Fwp%2Fv2%2Fmedia&parent=1820"}],"curies":[{"name":"wp","href":"https:\/\/api.w.org\/{rel}","templated":true}]}}