{"id":1818,"date":"2026-05-12T14:25:16","date_gmt":"2026-05-12T12:25:16","guid":{"rendered":"https:\/\/canoff.de\/?page_id=1818"},"modified":"2026-05-12T14:29:45","modified_gmt":"2026-05-12T12:29:45","slug":"wer-sind-wir","status":"publish","type":"page","link":"https:\/\/canoff.de\/?page_id=1818","title":{"rendered":"Wer sind wir?"},"content":{"rendered":"\n<div class=\"wp-block-columns is-layout-flex wp-container-core-columns-is-layout-9d6595d7 wp-block-columns-is-layout-flex\">\n<div class=\"wp-block-column is-layout-flow wp-block-column-is-layout-flow\">\n<p>Der Campus Nord f\u00fcr Frankreich und Frankophonie (CaNoFF) ist ein interdisziplin\u00e4res Netzwerk der Universit\u00e4ten Bremen, Flensburg und Rostock, gegr\u00fcndet von den Romanistinnen Karen Struve, Margot Brink und Stephanie Wodianka in den norddeutschen Bundesl\u00e4ndern Bremen, Schleswig-Holstein und Mecklenburg-Vorpommern. Ziel ist es, frankreich- und frankophoniebezogene Forschung, Lehre und Wissenschaftsvermittlung zu initiieren, zu f\u00f6rdern und sichtbar zu machen.<\/p>\n\n\n\n<p>Das Netzwerk bringt Forschende aus vielf\u00e4ltigen Disziplinen zusammen \u2013 von Literatur-, Politik-, Kultur- und Meereswissenschaften bis hin zu Chemie, Ingenieurs- und Medienwissenschaften. Zu den Mitgliedern geh\u00f6ren auch Pers\u00f6nlichkeiten aus Politik und Gesellschaft sowie Partnerinstitutionen wie das Institut Fran\u00e7ais und die Franz\u00f6sische Botschaft in Berlin.<\/p>\n\n\n\n<p>Die drei Standorte werden von den jeweiligen franz\u00f6sischen Abteilungen koordiniert und organisieren wissenschaftliche Konferenzen, Workshops, Studientage sowie \u00f6ffentliche Veranstaltungen wie Lesungen und Ausstellungen. Durch die gemeinsame Gesch\u00e4ftsf\u00fchrung wird erstmals die Vielfalt der frankophonen Forschungskontakte und -aktivit\u00e4ten im norddeutschen Raum geb\u00fcndelt und sichtbar!<\/p>\n<\/div>\n\n\n\n<div class=\"wp-block-column is-layout-flow wp-block-column-is-layout-flow\">\n<figure class=\"wp-block-image size-large is-resized\"><img loading=\"lazy\" decoding=\"async\" width=\"1024\" height=\"683\" src=\"https:\/\/canoff.de\/wp-content\/uploads\/2025\/11\/Fotos-Lehmkuehler-2023-9588-1024x683.jpg\" alt=\"\" class=\"wp-image-1263\" style=\"aspect-ratio:1.4993038946203547;width:575px;height:auto\" srcset=\"https:\/\/canoff.de\/wp-content\/uploads\/2025\/11\/Fotos-Lehmkuehler-2023-9588-1024x683.jpg 1024w, https:\/\/canoff.de\/wp-content\/uploads\/2025\/11\/Fotos-Lehmkuehler-2023-9588-300x200.jpg 300w, https:\/\/canoff.de\/wp-content\/uploads\/2025\/11\/Fotos-Lehmkuehler-2023-9588-768x512.jpg 768w, https:\/\/canoff.de\/wp-content\/uploads\/2025\/11\/Fotos-Lehmkuehler-2023-9588-1536x1024.jpg 1536w, https:\/\/canoff.de\/wp-content\/uploads\/2025\/11\/Fotos-Lehmkuehler-2023-9588-2048x1365.jpg 2048w\" sizes=\"auto, (max-width: 1024px) 100vw, 1024px\" \/><figcaption class=\"wp-element-caption\">\u00a9 Jens Lehmk\u00fchler\/Universit\u00e4t Bremen<\/figcaption><\/figure>\n<\/div>\n<\/div>\n\n\n\n<p><\/p>\n","protected":false},"excerpt":{"rendered":"<p>Der Campus Nord f\u00fcr Frankreich und Frankophonie (CaNoFF) ist ein interdisziplin\u00e4res Netzwerk der Universit\u00e4ten Bremen, Flensburg und Rostock, gegr\u00fcndet von den Romanistinnen Karen Struve, Margot Brink und Stephanie Wodianka in den norddeutschen Bundesl\u00e4ndern Bremen, Schleswig-Holstein und Mecklenburg-Vorpommern. Ziel ist es, frankreich- und frankophoniebezogene Forschung, Lehre und Wissenschaftsvermittlung zu initiieren, zu &hellip;<\/p>\n","protected":false},"author":1,"featured_media":0,"parent":0,"menu_order":0,"comment_status":"closed","ping_status":"closed","template":"","meta":{"footnotes":""},"class_list":["post-1818","page","type-page","status-publish","hentry"],"_links":{"self":[{"href":"https:\/\/canoff.de\/index.php?rest_route=\/wp\/v2\/pages\/1818","targetHints":{"allow":["GET"]}}],"collection":[{"href":"https:\/\/canoff.de\/index.php?rest_route=\/wp\/v2\/pages"}],"about":[{"href":"https:\/\/canoff.de\/index.php?rest_route=\/wp\/v2\/types\/page"}],"author":[{"embeddable":true,"href":"https:\/\/canoff.de\/index.php?rest_route=\/wp\/v2\/users\/1"}],"replies":[{"embeddable":true,"href":"https:\/\/canoff.de\/index.php?rest_route=%2Fwp%2Fv2%2Fcomments&post=1818"}],"version-history":[{"count":2,"href":"https:\/\/canoff.de\/index.php?rest_route=\/wp\/v2\/pages\/1818\/revisions"}],"predecessor-version":[{"id":1823,"href":"https:\/\/canoff.de\/index.php?rest_route=\/wp\/v2\/pages\/1818\/revisions\/1823"}],"wp:attachment":[{"href":"https:\/\/canoff.de\/index.php?rest_route=%2Fwp%2Fv2%2Fmedia&parent=1818"}],"curies":[{"name":"wp","href":"https:\/\/api.w.org\/{rel}","templated":true}]}}