{"id":1799,"date":"2026-05-08T11:08:56","date_gmt":"2026-05-08T09:08:56","guid":{"rendered":"https:\/\/canoff.de\/?page_id=1799"},"modified":"2026-05-08T11:16:22","modified_gmt":"2026-05-08T09:16:22","slug":"appel-a-communications-pour-le-colloque-international-du-canoff","status":"publish","type":"page","link":"https:\/\/canoff.de\/?page_id=1799&lang=fr","title":{"rendered":"Recherche"},"content":{"rendered":"\n<h2 class=\"wp-block-heading\">Appel \u00e0 communications pour le colloque international du CaNoFF<\/h2>\n\n\n\n<p>Le CaNoFF organise un colloque international sur le th\u00e8me \u00ab Rythmes, pouvoir et subversion : perspectives interdisciplinaires et francophones \u00bb.<\/p>\n\n\n\n<p><br>Le colloque se tiendra du 5 au 7 novembre 2026 \u00e0 l\u2019Universit\u00e9 europ\u00e9enne de Flensburg (Allemagne). Les communications pourront \u00eatre pr\u00e9sent\u00e9es en allemand ou en fran\u00e7ais. Les personnes int\u00e9ress\u00e9es sont invit\u00e9es \u00e0 soumettre une proposition de communication de 25 minutes (suivie de 15 minutes de discussion). Merci d\u2019envoyer un titre (provisoire), un r\u00e9sum\u00e9 (env. 1500\u20132000 caract\u00e8res, espaces et bibliographie compris) ainsi qu\u2019une courte notice bio-bibliographique (incluant l\u2019affiliation institutionnelle actuelle) au format PDF \u00e0&nbsp;<a href=\"mailto:margot.brink@uni-flensburg.de\">margot.brink@uni-flensburg.de<\/a>&nbsp;et&nbsp;<a href=\"mailto:jan.rhein@uni-flensburg.de\">jan.rhein@uni-flensburg.de<\/a>.&nbsp;Une participation \u00e0 distance (en ligne) sera possible ; veuillez le pr\u00e9ciser lors de la soumission.&nbsp;La<strong>&nbsp;date limite de soumission des propositions<\/strong>&nbsp;est le&nbsp;<strong>1er juin 2026<\/strong>. Les notifications d\u2019acceptation seront envoy\u00e9es avant le 15 juin 2026.<br>La participation est gratuite. Une aide financi\u00e8re pour les frais de d\u00e9placement et d\u2019h\u00e9bergement est en cours de demande, mais ne peut \u00eatre garantie \u00e0 ce stade. Pour toute question organisationnelle, veuillez vous adresser \u00e0 :&nbsp;<a href=\"mailto:jan.rhein@uni-flensburg.de\">jan.rhein@uni-flensburg.de<\/a><\/p>\n\n\n\n<p><br><a href=\"https:\/\/canoff.de\/?p=1775&amp;lang=fr\">Vous trouvez plus d\u2019informations et l\u2019appel complet ici !<\/a><\/p>\n","protected":false},"excerpt":{"rendered":"<p>Appel \u00e0 communications pour le colloque international du CaNoFF Le CaNoFF organise un colloque international sur le th\u00e8me \u00ab Rythmes, pouvoir et subversion : perspectives interdisciplinaires et francophones \u00bb. Le colloque se tiendra du 5 au 7 novembre 2026 \u00e0 l\u2019Universit\u00e9 europ\u00e9enne de Flensburg (Allemagne). Les communications pourront \u00eatre pr\u00e9sent\u00e9es &hellip;<\/p>\n","protected":false},"author":1,"featured_media":0,"parent":0,"menu_order":0,"comment_status":"closed","ping_status":"closed","template":"","meta":{"footnotes":""},"class_list":["post-1799","page","type-page","status-publish","hentry"],"_links":{"self":[{"href":"https:\/\/canoff.de\/index.php?rest_route=\/wp\/v2\/pages\/1799","targetHints":{"allow":["GET"]}}],"collection":[{"href":"https:\/\/canoff.de\/index.php?rest_route=\/wp\/v2\/pages"}],"about":[{"href":"https:\/\/canoff.de\/index.php?rest_route=\/wp\/v2\/types\/page"}],"author":[{"embeddable":true,"href":"https:\/\/canoff.de\/index.php?rest_route=\/wp\/v2\/users\/1"}],"replies":[{"embeddable":true,"href":"https:\/\/canoff.de\/index.php?rest_route=%2Fwp%2Fv2%2Fcomments&post=1799"}],"version-history":[{"count":2,"href":"https:\/\/canoff.de\/index.php?rest_route=\/wp\/v2\/pages\/1799\/revisions"}],"predecessor-version":[{"id":1813,"href":"https:\/\/canoff.de\/index.php?rest_route=\/wp\/v2\/pages\/1799\/revisions\/1813"}],"wp:attachment":[{"href":"https:\/\/canoff.de\/index.php?rest_route=%2Fwp%2Fv2%2Fmedia&parent=1799"}],"curies":[{"name":"wp","href":"https:\/\/api.w.org\/{rel}","templated":true}]}}