{"id":1795,"date":"2026-05-08T11:05:05","date_gmt":"2026-05-08T09:05:05","guid":{"rendered":"https:\/\/canoff.de\/?page_id=1795"},"modified":"2026-05-08T11:05:05","modified_gmt":"2026-05-08T09:05:05","slug":"projekte-fuer-studierende","status":"publish","type":"page","link":"https:\/\/canoff.de\/?page_id=1795","title":{"rendered":"Projekte f\u00fcr Studierende"},"content":{"rendered":"\n<h2 class=\"wp-block-heading\">Utopie Europa<\/h2>\n\n\n\n<p>Utopie Europa geht in die siebte Runde! Das\u00a0<strong>Hochschulb\u00fcro\u00a0der franz\u00f6sischen Botschaft\/Institut fran\u00e7ais Deutschland<\/strong>\u00a0(IFD) in Berlin und die\u00a0<strong>Deutsch-Franz\u00f6sische Hochschule (DFH)<\/strong>\u00a0suchen die\u00a0<strong><a href=\"https:\/\/utopieeuropa.institutfrancais.de\/wp-content\/uploads\/2026\/03\/Presentation-Utopie-Europa-Preis-2026.pdf\" target=\"_blank\" rel=\"noreferrer noopener\">besten Projekte und Ideen, die Europa in der Hochschule erlebbar machen<\/a><\/strong>\u00a0und vielleicht sogar zum Nachahmen anregen:\u00a0Von Social Media-Aktionen bis hin zu (Kurz-)Filmen und Podcasts u.v.m., die das europ\u00e4ische Miteinander an den Hochschulen zeigen und bef\u00f6rdern und sich f\u00fcr die St\u00e4rkung einer demokratischen Gesellschaft einsetzen \u2014 an Hochschulen geschieht so viel!<\/p>\n\n\n\n<p><em>Ablauf des Wettbewerbs:<\/em><br>Studierende reichen im Team und in Form des Mediums ihrer Wahl einen Beitrag ein, der ein Projekt an ihrer Hochschule vorstellt, das sich f\u00fcr Demokratie und Europa einsetzt. Die eingereichten Formate werden einer Jury vorgestellt, die \u00fcber die drei Gewinner:innen-Teams des \u201eUtopie Europa Preises 2026\u201c entscheidet.<\/p>\n\n\n\n<p><em>Die drei besten Projekte erhalten eine F\u00f6rderung von bis zu 1.000\u20ac!<\/em><br>Bewerbungsfrist: 1<strong>5. Juni&nbsp;2026, an folgende E-Mail-Adresse:&nbsp;<\/strong><a href=\"mailto:nicole.martinez@institutfrancais.de\"><strong>nicole.martinez@institutfrancais.de<\/strong><\/a><strong>.<\/strong><\/p>\n\n\n\n<p><a href=\"https:\/\/utopieeuropa.institutfrancais.de\/wp-content\/uploads\/2026\/03\/Presentation-Utopie-Europa-Preis-2026.pdf\"><strong>Weitere Informationen finden Sie hier<\/strong><\/a><\/p>\n\n\n\n<h2 class=\"wp-block-heading\"><strong>Franz\u00f6sische Sommeruniversit\u00e4t 2026 in Freiburg<\/strong>: <em>F<strong>ran\u00e7ais.es et Allemand.es \u2013 une riche histoire de \u00ab\u00a0Je t\u2019aime\u2026 moi non plus\u2026\u00a0\u00bb\u00a0<\/strong><\/em><br><\/h2>\n\n\n\n<p>Ein Versprecher des franz\u00f6sischen Premierministers Ayrault \u2013 der 2012 in Berlin vom \u201efurchtbaren\u201c statt \u201efruchtbaren\u201c Austausch sprach \u2013 steht sinnbildlich f\u00fcr das wechselhafte deutsch-franz\u00f6sische Verh\u00e4ltnis. Zwischen Bewunderung und Belustigung, Freundschaft und Rivalit\u00e4t, touristischer Asymmetrie und kulinarischer Einbahnstra\u00dfe: Die franz\u00f6sische Sommeruniversit\u00e4t des Frankreich-Zentrums widmet sich in diesem Jahr genau diesen H\u00f6hen und Tiefen \u2013 in Politik, Literatur, Film, Musik, Sport, Gastronomie und dem interkulturellen Alltag.<\/p>\n\n\n\n<ul class=\"wp-block-list\">\n<li>Dauer: 31. August \u2013 04. September 2026<\/li>\n\n\n\n<li>Anmeldeschluss: 01. Juli 2026<\/li>\n\n\n\n<li>Unterrichtssprache: Franz\u00f6sisch<\/li>\n\n\n\n<li>Voraussetzung: Mindestens gute Franz\u00f6sischkenntnisse (entspricht f\u00fcr die Erwachsenenkurse dem<\/li>\n\n\n\n<li>Niveau B1 des Gemeinsamen Europ\u00e4ischen Referenzrahmens f\u00fcr Sprachen und f\u00fcr die Sch\u00fclerInnenkurse einem befriedigenden Sprachniveau in der 11. Klasse). Die Einstufung erfolgt nach Selbsteinsch\u00e4tzung der TeilnehmerInnen.<\/li>\n<\/ul>\n\n\n\n<p>Weitere Informationen:&nbsp;<a href=\"https:\/\/www.fz.uni-freiburg.de\/de\/veranstaltungen\/sommeruni\">https:\/\/www.fz.uni-freiburg.de\/de\/veranstaltungen\/sommeruni<\/a><\/p>\n","protected":false},"excerpt":{"rendered":"<p>Utopie Europa Utopie Europa geht in die siebte Runde! Das\u00a0Hochschulb\u00fcro\u00a0der franz\u00f6sischen Botschaft\/Institut fran\u00e7ais Deutschland\u00a0(IFD) in Berlin und die\u00a0Deutsch-Franz\u00f6sische Hochschule (DFH)\u00a0suchen die\u00a0besten Projekte und Ideen, die Europa in der Hochschule erlebbar machen\u00a0und vielleicht sogar zum Nachahmen anregen:\u00a0Von Social Media-Aktionen bis hin zu (Kurz-)Filmen und Podcasts u.v.m., die das europ\u00e4ische Miteinander an &hellip;<\/p>\n","protected":false},"author":1,"featured_media":0,"parent":0,"menu_order":0,"comment_status":"closed","ping_status":"closed","template":"","meta":{"footnotes":""},"class_list":["post-1795","page","type-page","status-publish","hentry"],"_links":{"self":[{"href":"https:\/\/canoff.de\/index.php?rest_route=\/wp\/v2\/pages\/1795","targetHints":{"allow":["GET"]}}],"collection":[{"href":"https:\/\/canoff.de\/index.php?rest_route=\/wp\/v2\/pages"}],"about":[{"href":"https:\/\/canoff.de\/index.php?rest_route=\/wp\/v2\/types\/page"}],"author":[{"embeddable":true,"href":"https:\/\/canoff.de\/index.php?rest_route=\/wp\/v2\/users\/1"}],"replies":[{"embeddable":true,"href":"https:\/\/canoff.de\/index.php?rest_route=%2Fwp%2Fv2%2Fcomments&post=1795"}],"version-history":[{"count":1,"href":"https:\/\/canoff.de\/index.php?rest_route=\/wp\/v2\/pages\/1795\/revisions"}],"predecessor-version":[{"id":1796,"href":"https:\/\/canoff.de\/index.php?rest_route=\/wp\/v2\/pages\/1795\/revisions\/1796"}],"wp:attachment":[{"href":"https:\/\/canoff.de\/index.php?rest_route=%2Fwp%2Fv2%2Fmedia&parent=1795"}],"curies":[{"name":"wp","href":"https:\/\/api.w.org\/{rel}","templated":true}]}}