{"id":1792,"date":"2026-05-08T11:02:27","date_gmt":"2026-05-08T09:02:27","guid":{"rendered":"https:\/\/canoff.de\/?page_id=1792"},"modified":"2026-05-08T11:03:38","modified_gmt":"2026-05-08T09:03:38","slug":"forschung-2","status":"publish","type":"page","link":"https:\/\/canoff.de\/?page_id=1792","title":{"rendered":"Forschung"},"content":{"rendered":"\n<h2 class=\"wp-block-heading\">Call for Papers: CaNoFF-Tagung<\/h2>\n\n\n\n<p>Das CaNoFF richtet eine Tagung zum Thema <em><strong><em><strong>Rhythmus, Macht\u00a0und Subversion: interdisziplin\u00e4re und frankophone Perspektiven<\/strong><\/em><\/strong><\/em> aus.<\/p>\n\n\n\n<p>Die Tagung findet vom 5. bis 7. November 2026 an der Europa-Universit\u00e4t Flensburg (Deutschland) statt. Die Vortr\u00e4ge k\u00f6nnen auf Deutsch oder Franz\u00f6sisch gehalten werden. Wir bitten alle Interessierten, uns Vorschl\u00e4ge f\u00fcr einen 25-min\u00fctigen Vortrag (zuz\u00fcglich 15 Minuten Diskussion) zu unterbreiten. Bitte schicken Sie uns Ihren (vorl\u00e4ufigen) Vortragstitel, ein Abstract (ca. 1500\u20132000 Zeichen, einschlie\u00dflich Leerzeichen und Literaturverzeichnis) sowie eine kurze biografisch-bibliografische Angabe (inkl. aktuelle institutionelle Zugeh\u00f6rigkeit) als pdf-Format an\u00a0<a href=\"mailto:margot.brink@uni-flensburg.de\">margot.brink@uni-flensburg.de<\/a>\u00a0und\u00a0<a href=\"mailto:jan.rhein@uni-flensburg.de\">jan.rhein@uni-flensburg.de<\/a>. Die\u00a0<strong>Einreichungsfrist<\/strong>\u00a0endet am\u00a0<strong>01.06.2026<\/strong>. Sie werden bis zum 15.06.2026 \u00fcber die Annahme informiert. Eine Online-Teilnahme ist auf Anfrage m\u00f6glich, falls eine Anreise nicht m\u00f6glich sein sollte.<br>Teilnahme ist kostenlos. Eine finanzielle Unterst\u00fctzung f\u00fcr Reise- und Unterkunftskosten wird beantragt, kann aber derzeit noch nicht best\u00e4tigt werden. Bei organisatorischen Fragen wenden Sie sich bitte an:\u00a0<a href=\"mailto:jan.rhein@uni-flensburg.de\">jan.rhein@uni-flensburg.de<\/a>.<\/p>\n\n\n\n<p><br><a href=\"https:\/\/canoff.de\/?p=1773\">Weitere Informationen und den gesamten Call finden Sie hier!<\/a><\/p>\n","protected":false},"excerpt":{"rendered":"<p>Call for Papers: CaNoFF-Tagung Das CaNoFF richtet eine Tagung zum Thema Rhythmus, Macht\u00a0und Subversion: interdisziplin\u00e4re und frankophone Perspektiven aus. Die Tagung findet vom 5. bis 7. November 2026 an der Europa-Universit\u00e4t Flensburg (Deutschland) statt. Die Vortr\u00e4ge k\u00f6nnen auf Deutsch oder Franz\u00f6sisch gehalten werden. Wir bitten alle Interessierten, uns Vorschl\u00e4ge f\u00fcr &hellip;<\/p>\n","protected":false},"author":1,"featured_media":0,"parent":0,"menu_order":0,"comment_status":"closed","ping_status":"closed","template":"","meta":{"footnotes":""},"class_list":["post-1792","page","type-page","status-publish","hentry"],"_links":{"self":[{"href":"https:\/\/canoff.de\/index.php?rest_route=\/wp\/v2\/pages\/1792","targetHints":{"allow":["GET"]}}],"collection":[{"href":"https:\/\/canoff.de\/index.php?rest_route=\/wp\/v2\/pages"}],"about":[{"href":"https:\/\/canoff.de\/index.php?rest_route=\/wp\/v2\/types\/page"}],"author":[{"embeddable":true,"href":"https:\/\/canoff.de\/index.php?rest_route=\/wp\/v2\/users\/1"}],"replies":[{"embeddable":true,"href":"https:\/\/canoff.de\/index.php?rest_route=%2Fwp%2Fv2%2Fcomments&post=1792"}],"version-history":[{"count":2,"href":"https:\/\/canoff.de\/index.php?rest_route=\/wp\/v2\/pages\/1792\/revisions"}],"predecessor-version":[{"id":1794,"href":"https:\/\/canoff.de\/index.php?rest_route=\/wp\/v2\/pages\/1792\/revisions\/1794"}],"wp:attachment":[{"href":"https:\/\/canoff.de\/index.php?rest_route=%2Fwp%2Fv2%2Fmedia&parent=1792"}],"curies":[{"name":"wp","href":"https:\/\/api.w.org\/{rel}","templated":true}]}}