{"id":1465,"date":"2026-01-21T11:22:39","date_gmt":"2026-01-21T10:22:39","guid":{"rendered":"https:\/\/canoff.de\/?page_id=1465"},"modified":"2026-01-21T11:29:34","modified_gmt":"2026-01-21T10:29:34","slug":"a-propos-du-campus-nord-pour-la-france-et-la-francophonie-canoff","status":"publish","type":"page","link":"https:\/\/canoff.de\/?page_id=1465&lang=fr","title":{"rendered":"\u00c0 propos du Campus Nord pour la France et la Francophonie &#8211; CaNoFF"},"content":{"rendered":"\n<figure class=\"wp-block-image size-full\"><img loading=\"lazy\" decoding=\"async\" width=\"9933\" height=\"14043\" src=\"https:\/\/canoff.de\/wp-content\/uploads\/2023\/12\/Plakat-Info-CaNoFF_final.jpg\" alt=\"\" class=\"wp-image-464\"\/><\/figure>\n\n\n\n<p><\/p>\n\n\n\n<h2 class=\"wp-block-heading\">Structure d&#8217;organisation<\/h2>\n\n\n\n<div class=\"wp-block-columns is-layout-flex wp-container-core-columns-is-layout-9d6595d7 wp-block-columns-is-layout-flex\">\n<div class=\"wp-block-column is-layout-flow wp-block-column-is-layout-flow\">\n<div class=\"wp-block-columns is-layout-flex wp-container-core-columns-is-layout-9d6595d7 wp-block-columns-is-layout-flex\">\n<div class=\"wp-block-column is-layout-flow wp-block-column-is-layout-flow\">\n<p class=\"has-accent-1-color has-text-color has-link-color wp-elements-7817261cf4186fab2e38524dabad9bfa\"><strong>Porte-parole et directrice du site de Br\u00eame&nbsp;:<\/strong><br><strong>Prof. Dr. Karen Struve<\/strong><\/p>\n\n\n\n<figure class=\"wp-block-image size-full is-resized\"><img loading=\"lazy\" decoding=\"async\" width=\"345\" height=\"458\" src=\"https:\/\/canoff.de\/wp-content\/uploads\/2023\/06\/Karen_Struve.jpg\" alt=\"\" class=\"wp-image-110\" style=\"aspect-ratio:0.7533052756876248;width:263px;height:auto\" srcset=\"https:\/\/canoff.de\/wp-content\/uploads\/2023\/06\/Karen_Struve.jpg 345w, https:\/\/canoff.de\/wp-content\/uploads\/2023\/06\/Karen_Struve-226x300.jpg 226w\" sizes=\"auto, (max-width: 345px) 100vw, 345px\" \/><figcaption class=\"wp-element-caption\">\u00a9 Katrin Adler<\/figcaption><\/figure>\n\n\n\n<figure class=\"wp-block-image size-full is-resized\"><img loading=\"lazy\" decoding=\"async\" width=\"226\" height=\"80\" src=\"https:\/\/canoff.de\/wp-content\/uploads\/2023\/06\/Logo_Uni-Bremen-1.png\" alt=\"\" class=\"wp-image-113\" style=\"aspect-ratio:2.826530612244898;width:173px;height:auto\"\/><\/figure>\n<\/div>\n\n\n\n<div class=\"wp-block-column is-layout-flow wp-block-column-is-layout-flow\">\n<p class=\"has-accent-1-color has-text-color has-link-color wp-elements-bf7a5d1106817f316fc0df48e415fa61\"><strong>Directrice du site de Flensbourg&nbsp;:<\/strong><br><strong>Prof. Dr. Margot Brink<\/strong><\/p>\n\n\n\n<div style=\"height:30px\" aria-hidden=\"true\" class=\"wp-block-spacer\"><\/div>\n\n\n\n<figure class=\"wp-block-image size-full is-resized\"><img loading=\"lazy\" decoding=\"async\" width=\"230\" height=\"289\" src=\"https:\/\/canoff.de\/wp-content\/uploads\/2023\/06\/csm_brink-margot_b43d535ba8.jpg\" alt=\"\" class=\"wp-image-134\" style=\"width:277px;height:auto\"\/><figcaption class=\"wp-element-caption\">\u00a9 ME2BE, Sebastian Weimar<\/figcaption><\/figure>\n\n\n\n<figure class=\"wp-block-image size-full is-resized\"><img loading=\"lazy\" decoding=\"async\" width=\"385\" height=\"97\" src=\"https:\/\/canoff.de\/wp-content\/uploads\/2023\/06\/Logo_Uni-Flensburg-1.png\" alt=\"\" class=\"wp-image-242\" style=\"aspect-ratio:3.9695340501792113;width:253px;height:auto\"\/><\/figure>\n<\/div>\n<\/div>\n<\/div>\n\n\n\n<div class=\"wp-block-column is-layout-flow wp-block-column-is-layout-flow\">\n<div class=\"wp-block-columns is-layout-flex wp-container-core-columns-is-layout-9d6595d7 wp-block-columns-is-layout-flex\">\n<div class=\"wp-block-column is-layout-flow wp-block-column-is-layout-flow\">\n<p class=\"has-accent-1-color has-text-color has-link-color wp-elements-45d721a0a4275a877460606137021fa8\"><strong>Directrice du site de Rostock&nbsp;:<\/strong><br><strong>Prof. Dr. Stephanie Wodianka<\/strong><\/p>\n\n\n\n<div style=\"height:30px\" aria-hidden=\"true\" class=\"wp-block-spacer\"><\/div>\n\n\n\n<figure class=\"wp-block-image size-full is-resized\"><img loading=\"lazy\" decoding=\"async\" width=\"506\" height=\"675\" src=\"https:\/\/canoff.de\/wp-content\/uploads\/2023\/06\/csm_WodiankaPortrait_4476139e67-edited.jpg\" alt=\"\" class=\"wp-image-136\" style=\"aspect-ratio:0.7496404095101108;width:261px;height:auto\" srcset=\"https:\/\/canoff.de\/wp-content\/uploads\/2023\/06\/csm_WodiankaPortrait_4476139e67-edited.jpg 506w, https:\/\/canoff.de\/wp-content\/uploads\/2023\/06\/csm_WodiankaPortrait_4476139e67-edited-225x300.jpg 225w\" sizes=\"auto, (max-width: 506px) 100vw, 506px\" \/><figcaption class=\"wp-element-caption\">\u00a9 ITMZ , Julia Tetzke<\/figcaption><\/figure>\n\n\n\n<figure class=\"wp-block-image size-full\"><img loading=\"lazy\" decoding=\"async\" width=\"443\" height=\"94\" src=\"https:\/\/canoff.de\/wp-content\/uploads\/2023\/06\/Logo_Uni-Rostock.png\" alt=\"\" class=\"wp-image-243\"\/><\/figure>\n<\/div>\n\n\n\n<div class=\"wp-block-column is-layout-flow wp-block-column-is-layout-flow\">\n<p class=\"has-accent-1-color has-text-color has-link-color wp-elements-596b4f409c8b54595198171dbd04e5a4\"><strong>G\u00e9rante du CaNoFF \u00e0 l&#8217;universit\u00e9 de Br\u00eame&nbsp;:<\/strong><br><strong>Dr. Johanne Mohs<\/strong><\/p>\n\n\n\n<figure class=\"wp-block-image size-large is-resized\"><img loading=\"lazy\" decoding=\"async\" width=\"768\" height=\"1024\" src=\"https:\/\/canoff.de\/wp-content\/uploads\/2025\/10\/Jo.Foto_CaNoFF-homepage.JPG-edited-768x1024.jpg\" alt=\"\" class=\"wp-image-1125\" style=\"aspect-ratio:0.7500211631253704;width:261px;height:auto\" srcset=\"https:\/\/canoff.de\/wp-content\/uploads\/2025\/10\/Jo.Foto_CaNoFF-homepage.JPG-edited-768x1024.jpg 768w, https:\/\/canoff.de\/wp-content\/uploads\/2025\/10\/Jo.Foto_CaNoFF-homepage.JPG-edited-225x300.jpg 225w, https:\/\/canoff.de\/wp-content\/uploads\/2025\/10\/Jo.Foto_CaNoFF-homepage.JPG-edited-1152x1536.jpg 1152w, https:\/\/canoff.de\/wp-content\/uploads\/2025\/10\/Jo.Foto_CaNoFF-homepage.JPG-edited-1536x2048.jpg 1536w, https:\/\/canoff.de\/wp-content\/uploads\/2025\/10\/Jo.Foto_CaNoFF-homepage.JPG-edited-150x200.jpg 150w, https:\/\/canoff.de\/wp-content\/uploads\/2025\/10\/Jo.Foto_CaNoFF-homepage.JPG-edited-scaled.jpg 1920w\" sizes=\"auto, (max-width: 768px) 100vw, 768px\" \/><figcaption class=\"wp-element-caption\">\u00a9 Johanne Mohs<\/figcaption><\/figure>\n\n\n\n<figure class=\"wp-block-image size-full is-resized\"><img loading=\"lazy\" decoding=\"async\" width=\"226\" height=\"80\" src=\"https:\/\/canoff.de\/wp-content\/uploads\/2023\/06\/Logo_Uni-Bremen-1.png\" alt=\"\" class=\"wp-image-113\" style=\"width:169px;height:auto\"\/><\/figure>\n<\/div>\n<\/div>\n<\/div>\n<\/div>\n","protected":false},"excerpt":{"rendered":"<p>Structure d&#8217;organisation Porte-parole et directrice du site de Br\u00eame&nbsp;:Prof. Dr. Karen Struve Directrice du site de Flensbourg&nbsp;:Prof. Dr. Margot Brink Directrice du site de Rostock&nbsp;:Prof. Dr. Stephanie Wodianka G\u00e9rante du CaNoFF \u00e0 l&#8217;universit\u00e9 de Br\u00eame&nbsp;:Dr. Johanne Mohs<\/p>\n","protected":false},"author":1,"featured_media":0,"parent":0,"menu_order":0,"comment_status":"closed","ping_status":"closed","template":"","meta":{"footnotes":""},"class_list":["post-1465","page","type-page","status-publish","hentry"],"_links":{"self":[{"href":"https:\/\/canoff.de\/index.php?rest_route=\/wp\/v2\/pages\/1465","targetHints":{"allow":["GET"]}}],"collection":[{"href":"https:\/\/canoff.de\/index.php?rest_route=\/wp\/v2\/pages"}],"about":[{"href":"https:\/\/canoff.de\/index.php?rest_route=\/wp\/v2\/types\/page"}],"author":[{"embeddable":true,"href":"https:\/\/canoff.de\/index.php?rest_route=\/wp\/v2\/users\/1"}],"replies":[{"embeddable":true,"href":"https:\/\/canoff.de\/index.php?rest_route=%2Fwp%2Fv2%2Fcomments&post=1465"}],"version-history":[{"count":6,"href":"https:\/\/canoff.de\/index.php?rest_route=\/wp\/v2\/pages\/1465\/revisions"}],"predecessor-version":[{"id":1473,"href":"https:\/\/canoff.de\/index.php?rest_route=\/wp\/v2\/pages\/1465\/revisions\/1473"}],"wp:attachment":[{"href":"https:\/\/canoff.de\/index.php?rest_route=%2Fwp%2Fv2%2Fmedia&parent=1465"}],"curies":[{"name":"wp","href":"https:\/\/api.w.org\/{rel}","templated":true}]}}