{"id":1436,"date":"2026-01-20T13:41:58","date_gmt":"2026-01-20T12:41:58","guid":{"rendered":"https:\/\/canoff.de\/?page_id=1436"},"modified":"2026-01-20T13:41:58","modified_gmt":"2026-01-20T12:41:58","slug":"trans-spheres-de-lanthropocene-2","status":"publish","type":"page","link":"https:\/\/canoff.de\/?page_id=1436&lang=fr","title":{"rendered":"Trans-sph\u00e8res de l&#8217;anthropoc\u00e8ne"},"content":{"rendered":"\n<p>Avec le troisi\u00e8me axe de recherche, le CaNoFF souhaite suivre les traces que l\u2019humain a laiss\u00e9es et laisse sur le monde. L\u2019Anthropoc\u00e8ne, la transformation socio-\u00e9cologique ainsi que les questions de durabilit\u00e9 et de r\u00e9silience sont au centre de cet axe. L\u2019accent est mis particuli\u00e8rement sur les zones p\u00e9riph\u00e9riques, les ab\u00eemes et les zones de transit : celles que l\u2019humain p\u00e9n\u00e8tre, qu\u2019il cr\u00e9e, qu\u2019il fa\u00e7onne ou qu\u2019il r\u00e9fl\u00e9chit en tant que telles. La tension qui na\u00eet d\u2019une part de l\u2019impossibilit\u00e9 de penser le monde sans se penser soi-m\u00eame et d\u2019autre part de la fascination ou de la n\u00e9cessit\u00e9 de faire exactement cela, engendre activit\u00e9 et productivit\u00e9 : des cultures de l\u2019entre-deux, sur les chemins escarp\u00e9s de l\u2019imagination et de la cr\u00e9ativit\u00e9 humaines. Les r\u00e9cits et litt\u00e9ratures sur la r\u00e9silience, la post-croissance et les formes de r\u00e9paration peuvent \u00eatre mis en perspective et \u00e9tudi\u00e9s comme des espaces cr\u00e9atifs de n\u00e9gociation pour les questions de r\u00e9vision critique de l\u2019Anthropoc\u00e8ne (\u00e9criture \u00e9cocritique,\u00a0<em>nature writing<\/em>, science-fiction \u00e0 la fran\u00e7aise, space operas).<\/p>\n\n\n\n<p>Pr\u00e9cis\u00e9ment parce que les&nbsp;<em>Trans-sph\u00e8res de l\u2019anthropoc\u00e8ne<\/em>&nbsp;ne peuvent \u00eatre comprises que d\u2019une perspective globale et transculturelle, les espaces francophones connect\u00e9s \u00e0 travers tous les continents offrent un acc\u00e8s particuli\u00e8rement int\u00e9ressant. Des objets d\u2019\u00e9tude multidisciplinaires tels que l\u2019\u00ab humanit\u00e9 bleue \u00bb, les \u00e9co-po\u00e9tiques francophones en dialogue avec le monde ou les discours sur la justice climatique dans l\u2019espace francophone sont \u00e0 situer ici.<\/p>\n\n\n\n<p>#pouvoir d\u2019interpr\u00e9tation #science et esth\u00e9tique #transit #\u00e9criture \u00e9cocritique #nature writing #science-fiction \u00e0 la fran\u00e7aise #space operas #durabilit\u00e9 #litt\u00e9rature comme transfer\/trans-sph\u00e8re #\u00e9criture du renoncement #blue humanities #culture et post-croissance<\/p>\n","protected":false},"excerpt":{"rendered":"<p>Avec le troisi\u00e8me axe de recherche, le CaNoFF souhaite suivre les traces que l\u2019humain a laiss\u00e9es et laisse sur le monde. L\u2019Anthropoc\u00e8ne, la transformation socio-\u00e9cologique ainsi que les questions de durabilit\u00e9 et de r\u00e9silience sont au centre de cet axe. L\u2019accent est mis particuli\u00e8rement sur les zones p\u00e9riph\u00e9riques, les ab\u00eemes &hellip;<\/p>\n","protected":false},"author":1,"featured_media":0,"parent":0,"menu_order":0,"comment_status":"closed","ping_status":"closed","template":"","meta":{"footnotes":""},"class_list":["post-1436","page","type-page","status-publish","hentry"],"_links":{"self":[{"href":"https:\/\/canoff.de\/index.php?rest_route=\/wp\/v2\/pages\/1436","targetHints":{"allow":["GET"]}}],"collection":[{"href":"https:\/\/canoff.de\/index.php?rest_route=\/wp\/v2\/pages"}],"about":[{"href":"https:\/\/canoff.de\/index.php?rest_route=\/wp\/v2\/types\/page"}],"author":[{"embeddable":true,"href":"https:\/\/canoff.de\/index.php?rest_route=\/wp\/v2\/users\/1"}],"replies":[{"embeddable":true,"href":"https:\/\/canoff.de\/index.php?rest_route=%2Fwp%2Fv2%2Fcomments&post=1436"}],"version-history":[{"count":1,"href":"https:\/\/canoff.de\/index.php?rest_route=\/wp\/v2\/pages\/1436\/revisions"}],"predecessor-version":[{"id":1437,"href":"https:\/\/canoff.de\/index.php?rest_route=\/wp\/v2\/pages\/1436\/revisions\/1437"}],"wp:attachment":[{"href":"https:\/\/canoff.de\/index.php?rest_route=%2Fwp%2Fv2%2Fmedia&parent=1436"}],"curies":[{"name":"wp","href":"https:\/\/api.w.org\/{rel}","templated":true}]}}