{"id":1421,"date":"2026-01-20T13:27:23","date_gmt":"2026-01-20T12:27:23","guid":{"rendered":"https:\/\/canoff.de\/?page_id=1421"},"modified":"2026-01-20T13:54:10","modified_gmt":"2026-01-20T12:54:10","slug":"nos-champs-de-recherche","status":"publish","type":"page","link":"https:\/\/canoff.de\/?page_id=1421&lang=fr","title":{"rendered":"Nos champs de recherche"},"content":{"rendered":"\n<p>Vous pouvez acc\u00e9der aux pages des axes de recherche centraux du CaNoFF en cliquant sur l\u2019onglet en haut de la page et sur les boutons en bas de cette page. Nous vous invitons \u00e0 lire les descriptions plus d\u00e9taill\u00e9es des axes de recherche !<\/p>\n\n\n\n<div style=\"height:55px\" aria-hidden=\"true\" class=\"wp-block-spacer\"><\/div>\n\n\n\n<div class=\"wp-block-buttons has-custom-font-size has-large-font-size is-content-justification-center is-layout-flex wp-container-core-buttons-is-layout-16018d1d wp-block-buttons-is-layout-flex\">\n<div class=\"wp-block-button\"><a class=\"wp-block-button__link has-accent-1-background-color has-background has-large-font-size has-text-align-center has-custom-font-size wp-element-button\" href=\"https:\/\/canoff.de\/?page_id=1430&amp;lang=fr\"><em>Performance<\/em> et m\u00e9dialit\u00e9<\/a><\/div>\n<\/div>\n\n\n\n<div style=\"height:75px\" aria-hidden=\"true\" class=\"wp-block-spacer\"><\/div>\n\n\n\n<div class=\"wp-block-buttons is-content-justification-center is-layout-flex wp-container-core-buttons-is-layout-16018d1d wp-block-buttons-is-layout-flex\">\n<div class=\"wp-block-button\"><a class=\"wp-block-button__link has-accent-1-background-color has-background has-large-font-size has-text-align-center has-custom-font-size wp-element-button\" href=\"https:\/\/canoff.de\/?page_id=1433&amp;lang=fr\">Politiques, \u00e9thiques et esth\u00e9tiques dans les espaces francophones<\/a><\/div>\n<\/div>\n\n\n\n<div style=\"height:75px\" aria-hidden=\"true\" class=\"wp-block-spacer\"><\/div>\n\n\n\n<div class=\"wp-block-buttons is-content-justification-center is-layout-flex wp-container-core-buttons-is-layout-16018d1d wp-block-buttons-is-layout-flex\">\n<div class=\"wp-block-button\"><a class=\"wp-block-button__link has-accent-1-background-color has-background has-large-font-size has-text-align-center has-custom-font-size wp-element-button\" href=\"https:\/\/canoff.de\/?page_id=1436&amp;lang=fr\">Trans-sph\u00e8res de l&#8217;anthropoc\u00e8ne<\/a><\/div>\n<\/div>\n\n\n\n<p><\/p>\n","protected":false},"excerpt":{"rendered":"<p>Vous pouvez acc\u00e9der aux pages des axes de recherche centraux du CaNoFF en cliquant sur l\u2019onglet en haut de la page et sur les boutons en bas de cette page. Nous vous invitons \u00e0 lire les descriptions plus d\u00e9taill\u00e9es des axes de recherche !<\/p>\n","protected":false},"author":1,"featured_media":0,"parent":0,"menu_order":0,"comment_status":"closed","ping_status":"closed","template":"","meta":{"footnotes":""},"class_list":["post-1421","page","type-page","status-publish","hentry"],"_links":{"self":[{"href":"https:\/\/canoff.de\/index.php?rest_route=\/wp\/v2\/pages\/1421","targetHints":{"allow":["GET"]}}],"collection":[{"href":"https:\/\/canoff.de\/index.php?rest_route=\/wp\/v2\/pages"}],"about":[{"href":"https:\/\/canoff.de\/index.php?rest_route=\/wp\/v2\/types\/page"}],"author":[{"embeddable":true,"href":"https:\/\/canoff.de\/index.php?rest_route=\/wp\/v2\/users\/1"}],"replies":[{"embeddable":true,"href":"https:\/\/canoff.de\/index.php?rest_route=%2Fwp%2Fv2%2Fcomments&post=1421"}],"version-history":[{"count":5,"href":"https:\/\/canoff.de\/index.php?rest_route=\/wp\/v2\/pages\/1421\/revisions"}],"predecessor-version":[{"id":1451,"href":"https:\/\/canoff.de\/index.php?rest_route=\/wp\/v2\/pages\/1421\/revisions\/1451"}],"wp:attachment":[{"href":"https:\/\/canoff.de\/index.php?rest_route=%2Fwp%2Fv2%2Fmedia&parent=1421"}],"curies":[{"name":"wp","href":"https:\/\/api.w.org\/{rel}","templated":true}]}}